{"id":1056,"date":"2016-07-26T17:53:51","date_gmt":"2016-07-26T15:53:51","guid":{"rendered":"http:\/\/rm-kunde.de\/igcity\/?page_id=1056"},"modified":"2023-08-31T11:50:32","modified_gmt":"2023-08-31T09:50:32","slug":"aktivitaeten","status":"publish","type":"page","link":"https:\/\/ig-herne-city.com\/index.php\/aktivitaeten\/","title":{"rendered":"Aktivit\u00e4ten"},"content":{"rendered":"<p>[vc_row][vc_column css=&#8220;.vc_custom_1469550226803{margin-bottom: 30px !important;padding-bottom: 30px !important;}&#8220;][vc_column_text]<\/p>\n<div>\n<p class=\"bodytext\"><b>Wichtige Veranstaltungen der IG Herne City sind unter anderem:<\/b><\/p>\n<\/div>\n<div>\n<p class=\"bodytext\"><b>die Kulinarische Symphonie, der Herner Autofr\u00fchling, das Oktoberfest, der Winzermarkt, der St. Martinimarkt, der Herner St. Martini Citylauf und der Herner Sternenbummel.\u00a0<\/b><\/p>\n<\/div>\n<p>[\/vc_column_text][\/vc_column][\/vc_row][vc_row][vc_column]<div class=\"sc_toggles\"><div class=\"sc_toggles_item odd first\"><h5 class=\"sc_toggles_title\"><span class=\"sc_toggles_icon sc_toggles_icon_closed icon-plus\"><\/span><span class=\"sc_toggles_icon sc_toggles_icon_opened icon-minus\"><\/span>Die kulinarische Synphonie<\/h5><div class=\"sc_toggles_content\">[vc_column_text]Der Name ist Programm \u2013 Herne pr\u00e4sentiert sich von seiner kulinarischen Seite. Ausgew\u00e4hlte Gastronomen verw\u00f6hnen die Besucher mit kulinarischen Besonderheiten und verwandeln die Herner City f\u00fcr f\u00fcnf Tage so in eine Gourmet-Oase.<br \/>\nEin idealer Ort, um eine gute Zeit mit Freunden und Bekannten zu verbringen.<\/p>\n<p><em><br \/>\n<\/em>Termin: 09.05.2018 \u2013 13.05.2018[\/vc_column_text]<\/div><\/div><div class=\"sc_toggles_item even\"><h5 class=\"sc_toggles_title\"><span class=\"sc_toggles_icon sc_toggles_icon_closed icon-plus\"><\/span><span class=\"sc_toggles_icon sc_toggles_icon_opened icon-minus\"><\/span>Herner Autofr\u00fchling<\/h5><div class=\"sc_toggles_content\">[vc_column_text]Auf dem Boulevard der Bahnhofstra\u00dfe findet im Fr\u00fchjahr der Herner Autofr\u00fchling statt, auf dem die neuesten Modelle der umliegenden Autoh\u00e4user pr\u00e4sentiert werden.<br \/>\nZudem erhalten Sie hier fachkundige Auskunft zu den ausgestellten Modellen sowie Informationen aus erster Hand.<\/p>\n<p>Termin: 09.05.2018 \u2013 13.05.2018[\/vc_column_text]<\/div><\/div><div id=\"sc_toogles_item_1469549611516_6\" class=\"sc_toggles_item odd\"><h5 class=\"sc_toggles_title\"><span class=\"sc_toggles_icon sc_toggles_icon_closed icon-plus\"><\/span><span class=\"sc_toggles_icon sc_toggles_icon_opened icon-minus\"><\/span>Herner Winzermarkt<\/h5><div class=\"sc_toggles_content\">[vc_column_text]Im Sp\u00e4tsommer verwandelt sich ein Teil der Herner Bahnhofstra\u00dfe in ein kleines Winzerdorf. Die ausstellenden Winzer pr\u00e4sentieren an ihren St\u00e4nden ihre Weine, die Sie gleich kaufen oder f\u00fcr Ihren Weinkeller ordern k\u00f6nnen.<br \/>\nNeben erlesenen Weinen aus beliebten Anbaugebieten gibt es hier auch kulinarische Besonderheiten zu entdecken!<\/p>\n<p>Termin:<\/p>\n<p>Es ist wieder soweit. Vom 07.09.2023 bis zum 10.09.2023 findet wieder<br aria-hidden=\"true\" \/>der Winzermarkt in Herne statt.<\/p>\n<p>Wir starten am Donnerstag ab 18.00 Uhr bis 22.00 Uhr.<\/p>\n<p>Freitag, Samstag und Sonntag \u00f6ffnet der Winzermarkt jeweils um 12.00 Uhr. Freitag und Samstag<\/p>\n<p>schlie\u00dfen wir um 22.00 Uhr und am Sonntag um 20.00 Uhr. An allen Tagen ist ab 18.00 Uhr Livemusik auf der B\u00fchne.<\/p>\n<p>Die bekannten Winzer, Weingut Roth, Weingut A. Strupp, Weingut Knierim und Weingut<br aria-hidden=\"true\" \/>Hochthurn sind wieder zu Gast in Herne.<\/p>\n<p>Neben den Winzern gibt es noch einen Imbi\u00dfstand sowie einen Bierwagen. <br aria-hidden=\"true\" \/>Ort des Geschehens ist der Vorplatz des City Centers.[\/vc_column_text]<\/div><\/div><div id=\"sc_toogles_item_1469549613163_6\" class=\"sc_toggles_item even\"><h5 class=\"sc_toggles_title\"><span class=\"sc_toggles_icon sc_toggles_icon_closed icon-plus\"><\/span><span class=\"sc_toggles_icon sc_toggles_icon_opened icon-minus\"><\/span>St. Martinimarkt und St. Martinilauf<\/h5><div class=\"sc_toggles_content\">[vc_column_text]<u><\/u>Ende Oktober im Sp\u00e4therbst lockt der <strong>Martinimarkt<\/strong> mit zahlreichen St\u00e4nden, an denen man ideal nach Weihnachtsgeschenkideen st\u00f6bern kann. Dazu kommen Food-St\u00e4nde sowie Fahrgesch\u00e4fte f\u00fcr Klein und Gro\u00df.<\/p>\n<p>In Kooperation mit verschiedenen Partnern und Unternehmen veranstaltet die IG Herne City zudem j\u00e4hrlich den <strong>St. Martinilauf<\/strong>, der in der Herner City stattfindet.<br \/>\nSeit vielen Jahren ist diese Veranstaltung ein fester Bestandteil im Kalender f\u00fcr die L\u00e4uferinnen und L\u00e4ufer in Herne. Gelaufen wird in verschiedenen Altersklassen und \u00fcber verschiedene Distanzen.<\/p>\n<p>Termin: 25.10.2018 \u2013 04.11.2018<br \/>\nAlle Infos unter <a href=\"http:\/\/www.martinilauf-herne.de\">www.martinilauf-herne.de<\/a>.[\/vc_column_text]<\/div><\/div><div id=\"sc_toogles_item_1469549833737_7\" class=\"sc_toggles_item odd\"><h5 class=\"sc_toggles_title\"><span class=\"sc_toggles_icon sc_toggles_icon_closed icon-plus\"><\/span><span class=\"sc_toggles_icon sc_toggles_icon_opened icon-minus\"><\/span>Herner Sternenbummel<\/h5><div class=\"sc_toggles_content\">[vc_column_text]Der Herner Sternenbummel findet j\u00e4hrlich im Advent statt und erm\u00f6glicht den Besuchern bis 22 Uhr in ausgew\u00e4hlten Gesch\u00e4ften der Herner Innenstadt zu shoppen. Passend dazu ist der Weihnachtsmarkt ebenfalls mit einem erweiterten B\u00fchnenprogramm bis 22 Uhr ge\u00f6ffnet, sodass Besucher den Abend hier perfekt ausklingen lassen k\u00f6nnen. Die Weihnachtsbeleuchtung sorgt in der Innenstadt und vor den Gesch\u00e4ften zus\u00e4tzlich f\u00fcr eine besinnliche, vorweihnachtliche Atmosph\u00e4re.<\/p>\n<p>Termin: 07.12.2017[\/vc_column_text]<\/div><\/div><\/div>[\/vc_column][\/vc_row][vc_row][vc_column][vc_column_text]<\/p>\n<div>\n<p class=\"bodytext\"><b><br \/>\nWeitere Beispiele einiger von uns durchgef\u00fchrter Projekte sind u.a.: <\/b><\/p>\n<ul>\n<li>Realisierung von gemeinsamen Aktionen der Mitglieder<\/li>\n<li>Marketingkooperationen<\/li>\n<li>Veranstaltungen in der Innenstadt<\/li>\n<li>Initiierung und Realisation von div. Ma\u00dfnahmen zur Ausgestaltung der Innenstadt, wie z.B.:\n<ul>\n<li>die festliche Beleuchtung w\u00e4hrend der Advents- und Weihnachtszeit in Kooperation mit den Stadtwerken und dem Stadtmarketing \u2013 SMH<\/li>\n<li>die Illumination architektonisch bedeutender Geb\u00e4ude in der Innenstadt nach neuestem Standard ebenfalls in Kooperation mit den Stadtwerken und dem Stadtmarketing \u2013 SMH<\/li>\n<li>die Gestaltung der Bahnhofstra\u00dfe mit bl\u00fchenden Pflanzen und wechselnden Bepflanzungen im Fr\u00fchling und Sommer<\/li>\n<\/ul>\n<\/li>\n<li>Regelm\u00e4\u00dfige Information der Mitglieder durch Newsletter<\/li>\n<li>Regelm\u00e4\u00dfige Mitgliederversammlungen und informelle Treffen zum Erfahrungsaustausch<\/li>\n<li>Vortr\u00e4ge f\u00fcr Mitglieder U.v.m.<\/li>\n<\/ul>\n<\/div>\n<p>&nbsp;<\/p>\n<div><\/div>\n<p>&nbsp;<\/p>\n<div>\n<p class=\"bodytext\"><b>Wir informieren Sie gerne \u00fcber unsere aktuellen Projekte und Aktivit\u00e4ten und freuen uns auf aktive, tatkr\u00e4ftige Unterst\u00fctzung! <\/b><\/p>\n<\/div>\n<p>[\/vc_column_text][\/vc_column][\/vc_row]<\/p>\n","protected":false},"excerpt":{"rendered":"<p>[vc_row][vc_column css=&#8220;.vc_custom_1469550226803{margin-bottom: 30px !important;padding-bottom: 30px !important;}&#8220;][vc_column_text] Wichtige Veranstaltungen der IG Herne City sind unter anderem: die Kulinarische Symphonie, der Herner Autofr\u00fchling, das Oktoberfest, der Winzermarkt, der St. Martinimarkt, der Herner [&hellip;]<\/p>\n","protected":false},"author":13,"featured_media":0,"parent":0,"menu_order":0,"comment_status":"closed","ping_status":"closed","template":"","meta":{"footnotes":""},"class_list":["post-1056","page","type-page","status-publish","hentry"],"_links":{"self":[{"href":"https:\/\/ig-herne-city.com\/index.php\/wp-json\/wp\/v2\/pages\/1056","targetHints":{"allow":["GET"]}}],"collection":[{"href":"https:\/\/ig-herne-city.com\/index.php\/wp-json\/wp\/v2\/pages"}],"about":[{"href":"https:\/\/ig-herne-city.com\/index.php\/wp-json\/wp\/v2\/types\/page"}],"author":[{"embeddable":true,"href":"https:\/\/ig-herne-city.com\/index.php\/wp-json\/wp\/v2\/users\/13"}],"replies":[{"embeddable":true,"href":"https:\/\/ig-herne-city.com\/index.php\/wp-json\/wp\/v2\/comments?post=1056"}],"version-history":[{"count":6,"href":"https:\/\/ig-herne-city.com\/index.php\/wp-json\/wp\/v2\/pages\/1056\/revisions"}],"predecessor-version":[{"id":1371,"href":"https:\/\/ig-herne-city.com\/index.php\/wp-json\/wp\/v2\/pages\/1056\/revisions\/1371"}],"wp:attachment":[{"href":"https:\/\/ig-herne-city.com\/index.php\/wp-json\/wp\/v2\/media?parent=1056"}],"curies":[{"name":"wp","href":"https:\/\/api.w.org\/{rel}","templated":true}]}}